{"id":124,"date":"2025-09-05T09:32:38","date_gmt":"2025-09-05T09:32:38","guid":{"rendered":"https:\/\/7oroofthemes.com\/agritec\/?page_id=124"},"modified":"2025-12-31T12:34:14","modified_gmt":"2025-12-31T12:34:14","slug":"produits","status":"publish","type":"page","link":"https:\/\/radiusujkz.gov.bf\/en\/produits\/","title":{"rendered":"Produits"},"content":{"rendered":"<div data-elementor-type=\"wp-page\" data-elementor-id=\"124\" class=\"elementor elementor-124\">\n\t\t\t\t<div class=\"elementor-element elementor-element-736f175 e-con-full cms-econ-nospace e-flex e-con e-parent\" data-id=\"736f175\" data-element_type=\"container\">\r\n\t\t\t\t<div class=\"elementor-element elementor-element-7f01b98 elementor-widget elementor-widget-cms_page_title\" data-id=\"7f01b98\" data-element_type=\"widget\" data-widget_type=\"cms_page_title.default\">\n\t\t\t\t\t<div class=\"cms-ptitle cms-ptitle-1 cms-eptitle--blog cms-lazy\" style=\"--cms-bg-lazyload:url(https:\/\/radiusujkz.gov.bf\/wp-content\/uploads\/2025\/12\/img.jpeg);background-image:var(--cms-bg-lazyload-loaded);\">\n\t<div class=\"container relative z-top d-flex justify-content-center\">\n\t\t<div class=\"cms--content max-w\" style=\"--max-w:600px;\">\n\t\t\t<h1 class=\"title cms-nl2br text-white empty-none\">Produits<\/h1>\n\t\t<\/div>\n\t<\/div>\n<\/div>\t\t\t\t<\/div>\n\t\t\t\t<\/div>\r\n\t\t<div class=\"elementor-element elementor-element-22bcdd6 e-flex e-con-boxed e-con e-parent\" data-id=\"22bcdd6\" data-element_type=\"container\">\r\n\t\t\t\t\t<div class=\"e-con-inner\">\r\n\t\t\t\t<div class=\"elementor-element elementor-element-4ea7e00 elementor-widget elementor-widget-cms_download\" data-id=\"4ea7e00\" data-element_type=\"widget\" data-widget_type=\"cms_download.default\">\n\t\t\t\t\t<div class=\"cms-edownload cms-edownload-1 p-tb-48 p-lr-40 p-lr-tablet-20 p-lr-smobile-20 bg-bg-light cms-radius-16\">\n\t<div class=\"cms-title cms-heading empty-none text-heading-regular text-xl pb-30 m-tb-n5\">Base de Donn\u00e9es T\u00e9l\u00e9chargeable<\/div>\n\t<div class=\"cms-download-list\">    \t<a class=\"cms-dowload-item d-flex flex-nowrap align-items-center gap-24 text-md font-600 cms-radius-6 text-white text-hover-white cms-hover-change bg-accent-regular bg-hover-menu  p-24\" href=\"#\" aria-label=\"Rapport de formation\" style=\"--cms-separator-color:var(--cms-divider);\">        <div class=\"cms-svg-icon cms-eicon text-48 text-white text-hover-white lh-0 cms-icon flex-auto cms-transition text-on-hover-white\" style=\"--svg-size:48px;--cms-start-color:var(--cms-white);--cms-end-color:var(--cms-white)\"><svg class=\"e-font-icon-svg e-far-file-pdf\" viewbox=\"0 0 384 512\" xmlns=\"http:\/\/www.w3.org\/2000\/svg\"><path d=\"M369.9 97.9L286 14C277 5 264.8-.1 252.1-.1H48C21.5 0 0 21.5 0 48v416c0 26.5 21.5 48 48 48h288c26.5 0 48-21.5 48-48V131.9c0-12.7-5.1-25-14.1-34zM332.1 128H256V51.9l76.1 76.1zM48 464V48h160v104c0 13.3 10.7 24 24 24h104v288H48zm250.2-143.7c-12.2-12-47-8.7-64.4-6.5-17.2-10.5-28.7-25-36.8-46.3 3.9-16.1 10.1-40.6 5.4-56-4.2-26.2-37.8-23.6-42.6-5.9-4.4 16.1-.4 38.5 7 67.1-10 23.9-24.9 56-35.4 74.4-20 10.3-47 26.2-51 46.2-3.3 15.8 26 55.2 76.1-31.2 22.4-7.4 46.8-16.5 68.4-20.1 18.9 10.2 41 17 55.8 17 25.5 0 28-28.2 17.5-38.7zm-198.1 77.8c5.1-13.7 24.5-29.5 30.4-35-19 30.3-30.4 35.7-30.4 35zm81.6-190.6c7.4 0 6.7 32.1 1.8 40.8-4.4-13.9-4.3-40.8-1.8-40.8zm-24.4 136.6c9.7-16.9 18-37 24.7-54.7 8.3 15.1 18.9 27.2 30.1 35.5-20.8 4.3-38.9 13.1-54.8 19.2zm131.6-5s-5 6-37.3-7.8c35.1-2.6 40.9 5.4 37.3 7.8z\"><\/path><\/svg><\/div>\n            \t\t<div class=\"cms-separator separator-2 flex-auto\"><\/div>\n\t    \t<div class=\"flex-basic\"><div>Rapport de formation<\/div><div class=\"text-white text-sm font-400\">Br\u00e8ve description du contenu du rapport de formation<\/div><\/div>\n\t    <\/a>\n      \t<a class=\"cms-dowload-item d-flex flex-nowrap align-items-center gap-24 text-md font-600 cms-radius-6 text-white text-hover-white cms-hover-change bg-menu bg-hover-accent-regular mt-12 p-24\" href=\"#\" aria-label=\"Revue Scientifique\" style=\"--cms-separator-color:var(--cms-divider);\">        <div class=\"cms-svg-icon cms-eicon text-48 text-white text-hover-white lh-0 cms-icon flex-auto cms-transition text-on-hover-white\" style=\"--svg-size:48px;--cms-start-color:var(--cms-white);--cms-end-color:var(--cms-white)\"><svg class=\"e-font-icon-svg e-far-file-pdf\" viewbox=\"0 0 384 512\" xmlns=\"http:\/\/www.w3.org\/2000\/svg\"><path d=\"M369.9 97.9L286 14C277 5 264.8-.1 252.1-.1H48C21.5 0 0 21.5 0 48v416c0 26.5 21.5 48 48 48h288c26.5 0 48-21.5 48-48V131.9c0-12.7-5.1-25-14.1-34zM332.1 128H256V51.9l76.1 76.1zM48 464V48h160v104c0 13.3 10.7 24 24 24h104v288H48zm250.2-143.7c-12.2-12-47-8.7-64.4-6.5-17.2-10.5-28.7-25-36.8-46.3 3.9-16.1 10.1-40.6 5.4-56-4.2-26.2-37.8-23.6-42.6-5.9-4.4 16.1-.4 38.5 7 67.1-10 23.9-24.9 56-35.4 74.4-20 10.3-47 26.2-51 46.2-3.3 15.8 26 55.2 76.1-31.2 22.4-7.4 46.8-16.5 68.4-20.1 18.9 10.2 41 17 55.8 17 25.5 0 28-28.2 17.5-38.7zm-198.1 77.8c5.1-13.7 24.5-29.5 30.4-35-19 30.3-30.4 35.7-30.4 35zm81.6-190.6c7.4 0 6.7 32.1 1.8 40.8-4.4-13.9-4.3-40.8-1.8-40.8zm-24.4 136.6c9.7-16.9 18-37 24.7-54.7 8.3 15.1 18.9 27.2 30.1 35.5-20.8 4.3-38.9 13.1-54.8 19.2zm131.6-5s-5 6-37.3-7.8c35.1-2.6 40.9 5.4 37.3 7.8z\"><\/path><\/svg><\/div>\n            \t\t<div class=\"cms-separator separator-2 flex-auto\"><\/div>\n\t    \t<div class=\"flex-basic\"><div>Revue Scientifique<\/div><div class=\"text-white text-sm font-400\">Br\u00e8ve description de la revue<\/div><\/div>\n\t    <\/a>\n  <\/div>\n<\/div>\t\t\t\t<\/div>\n\t\t\t\t\t<\/div>\r\n\t\t\t\t<\/div>\r\n\t\t\t\t<\/div>","protected":false},"excerpt":{"rendered":"<p>Produits Base de Donn\u00e9es T\u00e9l\u00e9chargeable Rapport de formationBr\u00e8ve description du contenu du rapport de formation Revue ScientifiqueBr\u00e8ve description de la revue<\/p>","protected":false},"author":1,"featured_media":0,"parent":0,"menu_order":9,"comment_status":"closed","ping_status":"closed","template":"","meta":{"_monsterinsights_skip_tracking":false,"_monsterinsights_sitenote_active":false,"_monsterinsights_sitenote_note":"","_monsterinsights_sitenote_category":0,"footnotes":""},"class_list":["post-124","page","type-page","status-publish","hentry"],"aioseo_notices":[],"_links":{"self":[{"href":"https:\/\/radiusujkz.gov.bf\/en\/wp-json\/wp\/v2\/pages\/124","targetHints":{"allow":["GET"]}}],"collection":[{"href":"https:\/\/radiusujkz.gov.bf\/en\/wp-json\/wp\/v2\/pages"}],"about":[{"href":"https:\/\/radiusujkz.gov.bf\/en\/wp-json\/wp\/v2\/types\/page"}],"author":[{"embeddable":true,"href":"https:\/\/radiusujkz.gov.bf\/en\/wp-json\/wp\/v2\/users\/1"}],"replies":[{"embeddable":true,"href":"https:\/\/radiusujkz.gov.bf\/en\/wp-json\/wp\/v2\/comments?post=124"}],"version-history":[{"count":16,"href":"https:\/\/radiusujkz.gov.bf\/en\/wp-json\/wp\/v2\/pages\/124\/revisions"}],"predecessor-version":[{"id":5989,"href":"https:\/\/radiusujkz.gov.bf\/en\/wp-json\/wp\/v2\/pages\/124\/revisions\/5989"}],"wp:attachment":[{"href":"https:\/\/radiusujkz.gov.bf\/en\/wp-json\/wp\/v2\/media?parent=124"}],"curies":[{"name":"wp","href":"https:\/\/api.w.org\/{rel}","templated":true}]}}