{"id":133,"date":"2025-09-05T09:33:46","date_gmt":"2025-09-05T09:33:46","guid":{"rendered":"https:\/\/7oroofthemes.com\/agritec\/?page_id=133"},"modified":"2025-12-31T12:39:24","modified_gmt":"2025-12-31T11:39:24","slug":"historique-du-projet","status":"publish","type":"page","link":"https:\/\/radiusujkz.gov.bf\/en\/presentation\/historique-du-projet\/","title":{"rendered":"Historique du Projet"},"content":{"rendered":"<div data-elementor-type=\"wp-page\" data-elementor-id=\"133\" class=\"elementor elementor-133\">\n\t\t\t\t<div class=\"elementor-element elementor-element-0784de5 e-con-full cms-econ-nospace e-flex e-con e-parent\" data-id=\"0784de5\" data-element_type=\"container\">\r\n\t\t\t\t<div class=\"elementor-element elementor-element-be8963c elementor-widget elementor-widget-cms_page_title\" data-id=\"be8963c\" data-element_type=\"widget\" data-widget_type=\"cms_page_title.default\">\n\t\t\t\t\t<div class=\"cms-ptitle cms-ptitle-1 cms-eptitle--blog cms-lazy\" style=\"--cms-bg-lazyload:url(https:\/\/radiusujkz.gov.bf\/wp-content\/uploads\/2025\/12\/img.jpeg);background-image:var(--cms-bg-lazyload-loaded);\">\n\t<div class=\"container relative z-top d-flex justify-content-center\">\n\t\t<div class=\"cms--content max-w\" style=\"--max-w:600px;\">\n\t\t\t<h1 class=\"title cms-nl2br text-white empty-none\">Historique du Projet<\/h1>\n\t\t<\/div>\n\t<\/div>\n<\/div>\t\t\t\t<\/div>\n\t\t\t\t<\/div>\r\n\t\t<div class=\"elementor-element elementor-element-d163a18 e-flex e-con-boxed e-con e-parent\" data-id=\"d163a18\" data-element_type=\"container\">\r\n\t\t\t\t\t<div class=\"e-con-inner\">\r\n\t\t\t\t<div class=\"elementor-element elementor-element-25b8db4 elementor-widget elementor-widget-spacer\" data-id=\"25b8db4\" data-element_type=\"widget\" data-widget_type=\"spacer.default\">\n\t\t\t\t\t\t\t<div class=\"elementor-spacer\">\n\t\t\t<div class=\"elementor-spacer-inner\"><\/div>\n\t\t<\/div>\n\t\t\t\t\t\t<\/div>\n\t\t\t\t\t<\/div>\r\n\t\t\t\t<\/div>\r\n\t\t<div class=\"elementor-element elementor-element-30b6f73 pt-113 pb-96 p-tb-tablet-30 e-flex e-con-boxed e-con e-parent\" data-id=\"30b6f73\" data-element_type=\"container\">\r\n\t\t\t\t\t<div class=\"e-con-inner\">\r\n\t\t\t\t<div class=\"elementor-element elementor-element-04d471f elementor-widget__width-initial pb-8 elementor-widget elementor-widget-cms_heading\" data-id=\"04d471f\" data-element_type=\"widget\" data-widget_type=\"cms_heading.default\">\n\t\t\t\t\t<div class=\"elementor-invisible cms-smallheading empty-none text-primary-regular text-lg pb-12 m-tb-n5 text-center\" data-settings=\"{&quot;animation&quot;:&quot;fadeInUp&quot;,&quot;animation_delay&quot;:100}\"><\/div>\n<h3 class=\"elementor-invisible cms-heading empty-none text-heading-regular m-tb-n5 text-center\" data-settings=\"{&quot;animation&quot;:&quot;fadeInUp&quot;,&quot;animation_delay&quot;:200}\">Historique du Projet<\/h3>\n<div class=\"cms-heading-icons text-center pt-20 d-flex gap-8 justify-content-center\"><\/div>\t\t\t\t<\/div>\n\t\t\t\t\t<\/div>\r\n\t\t\t\t<\/div>\r\n\t\t<div class=\"elementor-element elementor-element-c190d13 e-flex e-con-boxed e-con e-parent\" data-id=\"c190d13\" data-element_type=\"container\" data-settings=\"{&quot;background_background&quot;:&quot;classic&quot;}\">\r\n\t\t\t\t\t<div class=\"e-con-inner\">\r\n\t\t<div class=\"elementor-element elementor-element-2504f62 e-con-full e-flex e-con e-child\" data-id=\"2504f62\" data-element_type=\"container\">\r\n\t\t\t\t<div class=\"elementor-element elementor-element-e1e2a10 elementor-widget elementor-widget-text-editor\" data-id=\"e1e2a10\" data-element_type=\"widget\" data-widget_type=\"text-editor.default\">\n\t\t\t\t\t\t\t\t\t<p>Le projet a \u00e9t\u00e9 cr\u00e9\u00e9 sous l\u2019\u00e9gide de l\u2019Union Africaine et de l\u2019Union Europ\u00e9enne, en vue de mettre en place un R\u00e9seau R\u00e9gional de recherche Multi-acteurs (RMRN) en Agro\u00e9cologie pour promouvoir la durabilit\u00e9 des syst\u00e8mes alimentaires en Afrique de l\u2019Ouest et du Centre. Le consortium initial compos\u00e9 des institutions partenaires du r\u00e9seau Divecosys (UCAD, UJKZ, UFHB, IRC et CIRAD) \u00e9largi \u00e0 l\u2019IRAD et au CRS a \u00e9crit et soumis le Projet RADiUS qui a \u00e9t\u00e9 le seul s\u00e9lectionn\u00e9 pour \u00eatre financ\u00e9 pour l\u2019AOC.<\/p><ul><li>Date de d\u00e9marrage : 1er janvier 2025<\/li><li>Lancement r\u00e9gional : 4 f\u00e9vrier 2025 \u00e0 Dakar<\/li><li>D\u00e9marrage des activit\u00e9s au Burkina Faso : 3-5 juin 2025<\/li><\/ul>\t\t\t\t\t\t\t\t<\/div>\n\t\t\t\t<\/div>\r\n\t\t\t\t\t<\/div>\r\n\t\t\t\t<\/div>\r\n\t\t<div class=\"elementor-element elementor-element-2b3830b e-flex e-con-boxed e-con e-parent\" data-id=\"2b3830b\" data-element_type=\"container\">\r\n\t\t\t\t\t<div class=\"e-con-inner\">\r\n\t\t\t\t<div class=\"elementor-element elementor-element-a4e0e9c elementor-widget elementor-widget-spacer\" data-id=\"a4e0e9c\" data-element_type=\"widget\" data-widget_type=\"spacer.default\">\n\t\t\t\t\t\t\t<div class=\"elementor-spacer\">\n\t\t\t<div class=\"elementor-spacer-inner\"><\/div>\n\t\t<\/div>\n\t\t\t\t\t\t<\/div>\n\t\t\t\t\t<\/div>\r\n\t\t\t\t<\/div>\r\n\t\t\t\t<\/div>","protected":false},"excerpt":{"rendered":"<p>Historique du Projet Historique du Projet Le projet a \u00e9t\u00e9 cr\u00e9\u00e9 sous l\u2019\u00e9gide de l\u2019Union Africaine et de l\u2019Union Europ\u00e9enne, en vue de mettre en place un R\u00e9seau R\u00e9gional de [&hellip;]<\/p>","protected":false},"author":1,"featured_media":0,"parent":118,"menu_order":2,"comment_status":"closed","ping_status":"closed","template":"","meta":{"_monsterinsights_skip_tracking":false,"_monsterinsights_sitenote_active":false,"_monsterinsights_sitenote_note":"","_monsterinsights_sitenote_category":0,"footnotes":""},"class_list":["post-133","page","type-page","status-publish","hentry"],"aioseo_notices":[],"_links":{"self":[{"href":"https:\/\/radiusujkz.gov.bf\/en\/wp-json\/wp\/v2\/pages\/133","targetHints":{"allow":["GET"]}}],"collection":[{"href":"https:\/\/radiusujkz.gov.bf\/en\/wp-json\/wp\/v2\/pages"}],"about":[{"href":"https:\/\/radiusujkz.gov.bf\/en\/wp-json\/wp\/v2\/types\/page"}],"author":[{"embeddable":true,"href":"https:\/\/radiusujkz.gov.bf\/en\/wp-json\/wp\/v2\/users\/1"}],"replies":[{"embeddable":true,"href":"https:\/\/radiusujkz.gov.bf\/en\/wp-json\/wp\/v2\/comments?post=133"}],"version-history":[{"count":79,"href":"https:\/\/radiusujkz.gov.bf\/en\/wp-json\/wp\/v2\/pages\/133\/revisions"}],"predecessor-version":[{"id":5944,"href":"https:\/\/radiusujkz.gov.bf\/en\/wp-json\/wp\/v2\/pages\/133\/revisions\/5944"}],"up":[{"embeddable":true,"href":"https:\/\/radiusujkz.gov.bf\/en\/wp-json\/wp\/v2\/pages\/118"}],"wp:attachment":[{"href":"https:\/\/radiusujkz.gov.bf\/en\/wp-json\/wp\/v2\/media?parent=133"}],"curies":[{"name":"wp","href":"https:\/\/api.w.org\/{rel}","templated":true}]}}