{"id":135,"date":"2025-09-05T09:34:06","date_gmt":"2025-09-05T09:34:06","guid":{"rendered":"https:\/\/7oroofthemes.com\/agritec\/?page_id=135"},"modified":"2025-12-31T12:52:30","modified_gmt":"2025-12-31T11:52:30","slug":"communiques-2","status":"publish","type":"page","link":"https:\/\/radiusujkz.gov.bf\/en\/communiques-2\/","title":{"rendered":"Communiqu\u00e9s"},"content":{"rendered":"<div data-elementor-type=\"wp-page\" data-elementor-id=\"135\" class=\"elementor elementor-135\">\n\t\t\t\t<div class=\"elementor-element elementor-element-22ab1d3 e-con-full cms-econ-nospace e-flex e-con e-parent\" data-id=\"22ab1d3\" data-element_type=\"container\">\r\n\t\t\t\t<div class=\"elementor-element elementor-element-ac11611 elementor-widget elementor-widget-cms_page_title\" data-id=\"ac11611\" data-element_type=\"widget\" data-widget_type=\"cms_page_title.default\">\n\t\t\t\t\t<div class=\"cms-ptitle cms-ptitle-1 cms-eptitle--blog cms-lazy\" style=\"--cms-bg-lazyload:url(https:\/\/radiusujkz.gov.bf\/wp-content\/uploads\/2025\/12\/img.jpeg);background-image:var(--cms-bg-lazyload-loaded);\">\n\t<div class=\"container relative z-top d-flex justify-content-center\">\n\t\t<div class=\"cms--content max-w\" style=\"--max-w:600px;\">\n\t\t\t<h1 class=\"title cms-nl2br text-white empty-none\">Communiqu\u00e9s<\/h1>\n\t\t<\/div>\n\t<\/div>\n<\/div>\t\t\t\t<\/div>\n\t\t\t\t<\/div>\r\n\t\t<div class=\"elementor-element elementor-element-35cd8a8 e-flex e-con-boxed e-con e-parent\" data-id=\"35cd8a8\" data-element_type=\"container\">\r\n\t\t\t\t\t<div class=\"e-con-inner\">\r\n\t\t\t\t<div class=\"elementor-element elementor-element-03b4612 elementor-widget elementor-widget-cms_posts_grid\" data-id=\"03b4612\" data-element_type=\"widget\" data-widget_type=\"cms_posts_grid.default\">\n\t\t\t\t\t<div class=\"cms-post-grid cms-grid cms-grid-1\" data-layout=\"grid\" data-start-page=\"1\" data-max-pages=\"1\" data-total=\"2\" data-perpage=\"6\" data-next-link=\"\">\n    \n    <div class=\"cms-grid-content d-flex gutter-custom-x gutter-custom-y flex-col-3 flex-col-tablet-2 flex-col-smobile-1\" style=\"--gutter-x:32px;--gutter-y:48px;\">            <div class='cms-item cms-transition' data-settings=\"\">\n                                <div class=\"cms--item hover-image-zoom-out relative cms-hover-change\">\n                    <div class=\"overflow-hidden relative mb-25 cms-radius-16\" style=\"max-height:534px;\"><img loading=\"lazy\" decoding=\"async\" width=\"640\" height=\"640\" src=\"https:\/\/radiusujkz.gov.bf\/wp-content\/uploads\/2025\/12\/img-640x640.jpeg\" class=\"cms-lazy lazy-loading img-cover swiper-nav-vert\" alt=\"\" style=\"max-height:640px\" srcset=\"https:\/\/radiusujkz.gov.bf\/wp-content\/uploads\/2025\/12\/img-640x640.jpeg 640w, https:\/\/radiusujkz.gov.bf\/wp-content\/uploads\/2025\/12\/img-80x80.jpeg 80w\" sizes=\"auto, (max-width: 640px) 100vw, 640px\" \/><div class=\"cms-post-thumb-cat absolute top-left ml-12 mt-12 d-flex gap-8\"><a href=\"https:\/\/radiusujkz.gov.bf\/en\/category\/activites\/\" class=\"cms-term bg-accent-regular text-menu bg-hover-primary-regular text-hover-accent-regular cms-radius-8 text-xs p-tb-5 p-lr-10\">Activit\u00e9s<\/a><\/div><\/div>                    <div class=\"cms---item p-lr-24 p-lr-smobile-12\">\n                        <h3 class=\"cms-heading text-line-3 text-xl lh-14 text-hover-primary-regular\"><a href=\"https:\/\/radiusujkz.gov.bf\/en\/lancement-national-du-projet-rmrn-radius\/\">Lancement national du projet RMRN RADiUS<\/a><\/h3>\n                        <div class=\"cms-post-meta cms-archive-meta gapX-12 text-sm pt-12 text-sub-text d-flex align-items-center\">\n                            <div class=\"meta-item date\">d\u00e9cembre 31, 2025<\/div>\n                            <div class=\"separator\"><\/div>\n                            <div class=\"meta-item author\"><a href=\"https:\/\/radiusujkz.gov.bf\/en\/author\/aboly\/\" title=\"Posts by Aboubacar BOLY\" class=\"\" rel=\"author\">Aboubacar BOLY<\/a><\/div>                        <\/div>\n                        <div class=\"cms-excerpt text-line-4 pt-20\"><\/div>\n                        <a class=\"cms-readmore mt-25 btn btn-md btn-menu text-white btn-hover-primary-regular text-hover-white cms-hover-move-icon-right\" href=\"https:\/\/radiusujkz.gov.bf\/en\/lancement-national-du-projet-rmrn-radius\/\" aria-label=\"Lancement national du projet RMRN RADiUS\">Read More<span class='cms-svg-icon lh-0 cms-eicon rtl-flip empty-none' style='--svg-size:13px;'><svg viewbox=\"0 0 13 10\" xmlns=\"http:\/\/www.w3.org\/2000\/svg\">\n\t<path d=\"M8.13932 0.149554C7.92368 -0.0555135 7.58078 -0.0488639 7.37344 0.164407C7.16609 0.377677 7.17281 0.716807 7.38846 0.921875L11.1135 4.46429L0.541667 4.46429C0.242513 4.46429 0 4.70413 0 5C0 5.29587 0.242512 5.53571 0.541667 5.53571L11.1135 5.53572L7.38845 9.07812C7.17281 9.28319 7.16609 9.62232 7.37344 9.83559C7.58078 10.0489 7.92368 10.0555 8.13932 9.85045L12.8338 5.38616C12.94 5.28516 13 5.14572 13 5C13 4.85428 12.94 4.71484 12.8338 4.61384L8.13932 0.149554Z\"\/>\n\t<path d=\"M8.13932 0.149554C7.92368 -0.0555135 7.58078 -0.0488639 7.37344 0.164407C7.16609 0.377677 7.17281 0.716807 7.38846 0.921875L11.1135 4.46429L0.541667 4.46429C0.242513 4.46429 0 4.70413 0 5C0 5.29587 0.242512 5.53571 0.541667 5.53571L11.1135 5.53572L7.38845 9.07812C7.17281 9.28319 7.16609 9.62232 7.37344 9.83559C7.58078 10.0489 7.92368 10.0555 8.13932 9.85045L12.8338 5.38616C12.94 5.28516 13 5.14572 13 5C13 4.85428 12.94 4.71484 12.8338 4.61384L8.13932 0.149554Z\"\/>\n<\/svg>\n<\/span><\/a>\n                    <\/div>\n                <\/div>\n                            <\/div>\n                    <div class='cms-item cms-transition' data-settings=\"\">\n                                <div class=\"cms--item hover-image-zoom-out relative cms-hover-change\">\n                    <div class=\"overflow-hidden relative mb-25 cms-radius-16\" style=\"max-height:534px;\"><img loading=\"lazy\" decoding=\"async\" width=\"640\" height=\"640\" src=\"https:\/\/radiusujkz.gov.bf\/wp-content\/uploads\/2025\/12\/Image2-640x640.jpg\" class=\"cms-lazy lazy-loading img-cover swiper-nav-vert\" alt=\"\" style=\"max-height:640px\" srcset=\"https:\/\/radiusujkz.gov.bf\/wp-content\/uploads\/2025\/12\/Image2-640x640.jpg 640w, https:\/\/radiusujkz.gov.bf\/wp-content\/uploads\/2025\/12\/Image2-80x80.jpg 80w, https:\/\/radiusujkz.gov.bf\/wp-content\/uploads\/2025\/12\/Image2-768x768.jpg 768w\" sizes=\"auto, (max-width: 640px) 100vw, 640px\" \/><div class=\"cms-post-thumb-cat absolute top-left ml-12 mt-12 d-flex gap-8\"><a href=\"https:\/\/radiusujkz.gov.bf\/en\/category\/activites\/\" class=\"cms-term bg-accent-regular text-menu bg-hover-primary-regular text-hover-accent-regular cms-radius-8 text-xs p-tb-5 p-lr-10\">Activit\u00e9s<\/a><\/div><\/div>                    <div class=\"cms---item p-lr-24 p-lr-smobile-12\">\n                        <h3 class=\"cms-heading text-line-3 text-xl lh-14 text-hover-primary-regular\"><a href=\"https:\/\/radiusujkz.gov.bf\/en\/bilan-de-latelier-decriture-des-syllabi-du-master-magra-une-etape-de-franchie-pour-le-cu-z\/\">Bilan de l\u2019atelier d\u2019\u00e9criture des syllabi du Master MAGRA : Une \u00e9tape de franchie pour le CU.Z<\/a><\/h3>\n                        <div class=\"cms-post-meta cms-archive-meta gapX-12 text-sm pt-12 text-sub-text d-flex align-items-center\">\n                            <div class=\"meta-item date\">d\u00e9cembre 31, 2025<\/div>\n                            <div class=\"separator\"><\/div>\n                            <div class=\"meta-item author\"><a href=\"https:\/\/radiusujkz.gov.bf\/en\/author\/webmaster\/\" title=\"Posts by webmaster\" class=\"\" rel=\"author\">webmaster<\/a><\/div>                        <\/div>\n                        <div class=\"cms-excerpt text-line-4 pt-20\"><\/div>\n                        <a class=\"cms-readmore mt-25 btn btn-md btn-menu text-white btn-hover-primary-regular text-hover-white cms-hover-move-icon-right\" href=\"https:\/\/radiusujkz.gov.bf\/en\/bilan-de-latelier-decriture-des-syllabi-du-master-magra-une-etape-de-franchie-pour-le-cu-z\/\" aria-label=\"Bilan de l\u2019atelier d\u2019\u00e9criture des syllabi du Master MAGRA : Une \u00e9tape de franchie pour le CU.Z\">Read More<span class='cms-svg-icon lh-0 cms-eicon rtl-flip empty-none' style='--svg-size:13px;'><svg viewbox=\"0 0 13 10\" xmlns=\"http:\/\/www.w3.org\/2000\/svg\">\n\t<path d=\"M8.13932 0.149554C7.92368 -0.0555135 7.58078 -0.0488639 7.37344 0.164407C7.16609 0.377677 7.17281 0.716807 7.38846 0.921875L11.1135 4.46429L0.541667 4.46429C0.242513 4.46429 0 4.70413 0 5C0 5.29587 0.242512 5.53571 0.541667 5.53571L11.1135 5.53572L7.38845 9.07812C7.17281 9.28319 7.16609 9.62232 7.37344 9.83559C7.58078 10.0489 7.92368 10.0555 8.13932 9.85045L12.8338 5.38616C12.94 5.28516 13 5.14572 13 5C13 4.85428 12.94 4.71484 12.8338 4.61384L8.13932 0.149554Z\"\/>\n\t<path d=\"M8.13932 0.149554C7.92368 -0.0555135 7.58078 -0.0488639 7.37344 0.164407C7.16609 0.377677 7.17281 0.716807 7.38846 0.921875L11.1135 4.46429L0.541667 4.46429C0.242513 4.46429 0 4.70413 0 5C0 5.29587 0.242512 5.53571 0.541667 5.53571L11.1135 5.53572L7.38845 9.07812C7.17281 9.28319 7.16609 9.62232 7.37344 9.83559C7.58078 10.0489 7.92368 10.0555 8.13932 9.85045L12.8338 5.38616C12.94 5.28516 13 5.14572 13 5C13 4.85428 12.94 4.71484 12.8338 4.61384L8.13932 0.149554Z\"\/>\n<\/svg>\n<\/span><\/a>\n                    <\/div>\n                <\/div>\n                            <\/div>\n        <\/div>\n        <div class=\"cms-grid-overlay\"><\/div>\n<\/div>\t\t\t\t<\/div>\n\t\t\t\t\t<\/div>\r\n\t\t\t\t<\/div>\r\n\t\t\t\t<\/div>","protected":false},"excerpt":{"rendered":"<p>Communiqu\u00e9s Activit\u00e9s Lancement national du projet RMRN RADiUS d\u00e9cembre 31, 2025 Aboubacar BOLY Read More Activit\u00e9s Bilan de l\u2019atelier d\u2019\u00e9criture des syllabi du Master MAGRA : Une \u00e9tape de franchie [&hellip;]<\/p>","protected":false},"author":1,"featured_media":0,"parent":0,"menu_order":14,"comment_status":"closed","ping_status":"closed","template":"","meta":{"_monsterinsights_skip_tracking":false,"_monsterinsights_sitenote_active":false,"_monsterinsights_sitenote_note":"","_monsterinsights_sitenote_category":0,"footnotes":""},"class_list":["post-135","page","type-page","status-publish","hentry"],"aioseo_notices":[],"_links":{"self":[{"href":"https:\/\/radiusujkz.gov.bf\/en\/wp-json\/wp\/v2\/pages\/135","targetHints":{"allow":["GET"]}}],"collection":[{"href":"https:\/\/radiusujkz.gov.bf\/en\/wp-json\/wp\/v2\/pages"}],"about":[{"href":"https:\/\/radiusujkz.gov.bf\/en\/wp-json\/wp\/v2\/types\/page"}],"author":[{"embeddable":true,"href":"https:\/\/radiusujkz.gov.bf\/en\/wp-json\/wp\/v2\/users\/1"}],"replies":[{"embeddable":true,"href":"https:\/\/radiusujkz.gov.bf\/en\/wp-json\/wp\/v2\/comments?post=135"}],"version-history":[{"count":74,"href":"https:\/\/radiusujkz.gov.bf\/en\/wp-json\/wp\/v2\/pages\/135\/revisions"}],"predecessor-version":[{"id":5957,"href":"https:\/\/radiusujkz.gov.bf\/en\/wp-json\/wp\/v2\/pages\/135\/revisions\/5957"}],"wp:attachment":[{"href":"https:\/\/radiusujkz.gov.bf\/en\/wp-json\/wp\/v2\/media?parent=135"}],"curies":[{"name":"wp","href":"https:\/\/api.w.org\/{rel}","templated":true}]}}