{"id":3592,"date":"2025-09-17T14:59:01","date_gmt":"2025-09-17T14:59:01","guid":{"rendered":"https:\/\/7oroofthemes.com\/agritec\/?page_id=3592"},"modified":"2025-12-30T15:38:29","modified_gmt":"2025-12-30T14:38:29","slug":"missions-attributions","status":"publish","type":"page","link":"https:\/\/radiusujkz.gov.bf\/en\/presentation\/missions-attributions\/","title":{"rendered":"Missions &#038; Attributions"},"content":{"rendered":"<div data-elementor-type=\"wp-page\" data-elementor-id=\"3592\" class=\"elementor elementor-3592\">\n\t\t\t\t<div class=\"elementor-element elementor-element-1c81116 e-con-full cms-econ-nospace e-flex e-con e-parent\" data-id=\"1c81116\" data-element_type=\"container\">\r\n\t\t\t\t<div class=\"elementor-element elementor-element-857f701 elementor-widget elementor-widget-cms_page_title\" data-id=\"857f701\" data-element_type=\"widget\" data-widget_type=\"cms_page_title.default\">\n\t\t\t\t\t<div class=\"cms-ptitle cms-ptitle-1 cms-eptitle--blog cms-lazy\" style=\"--cms-bg-lazyload:url(https:\/\/7oroofthemes.com\/agritec\/wp-content\/uploads\/ptitle-project.webp);background-image:var(--cms-bg-lazyload-loaded);\">\n\t<div class=\"container relative z-top d-flex justify-content-center\">\n\t\t<div class=\"cms--content max-w\" style=\"--max-w:600px;\">\n\t\t\t<h1 class=\"title cms-nl2br text-white empty-none\">Missions &#038; Attributions<\/h1>\n\t\t<\/div>\n\t<\/div>\n<\/div>\t\t\t\t<\/div>\n\t\t\t\t<div class=\"elementor-element elementor-element-c5a7467 elementor-widget elementor-widget-spacer\" data-id=\"c5a7467\" data-element_type=\"widget\" data-widget_type=\"spacer.default\">\n\t\t\t\t\t\t\t<div class=\"elementor-spacer\">\n\t\t\t<div class=\"elementor-spacer-inner\"><\/div>\n\t\t<\/div>\n\t\t\t\t\t\t<\/div>\n\t\t\t\t<\/div>\r\n\t\t<div class=\"elementor-element elementor-element-9a8a35b e-flex e-con-boxed e-con e-parent\" data-id=\"9a8a35b\" data-element_type=\"container\" data-settings=\"{&quot;background_background&quot;:&quot;classic&quot;}\">\r\n\t\t\t\t\t<div class=\"e-con-inner\">\r\n\t\t<div class=\"elementor-element elementor-element-07e1da5 e-con-full e-flex e-con e-child\" data-id=\"07e1da5\" data-element_type=\"container\">\r\n\t\t\t\t<div class=\"elementor-element elementor-element-082a955 elementor-widget elementor-widget-heading\" data-id=\"082a955\" data-element_type=\"widget\" data-widget_type=\"heading.default\">\n\t\t\t\t\t<h3 class=\"elementor-heading-title elementor-size-default\">Notre Mission<\/h3>\t\t\t\t<\/div>\n\t\t\t\t<\/div>\r\n\t\t<div class=\"elementor-element elementor-element-8e7cede e-con-full e-flex e-con e-child\" data-id=\"8e7cede\" data-element_type=\"container\">\r\n\t\t\t\t<div class=\"elementor-element elementor-element-c9fa48e elementor-widget elementor-widget-text-editor\" data-id=\"c9fa48e\" data-element_type=\"widget\" data-widget_type=\"text-editor.default\">\n\t\t\t\t\t\t\t\t\t<p>Assurer durablement la s\u00e9curit\u00e9 et la souverainet\u00e9 \u00e9conomique, alimentaire et nutritionnelle des populations via l\u2019accompagnement de la transition agro\u00e9cologique et la promotion de principes, d\u2019outils d\u2019\u00e9valuation, de connaissances et de solutions innovantes<\/p>\t\t\t\t\t\t\t\t<\/div>\n\t\t\t\t<\/div>\r\n\t\t\t\t\t<\/div>\r\n\t\t\t\t<\/div>\r\n\t\t<div class=\"elementor-element elementor-element-fa480df e-flex e-con-boxed e-con e-parent\" data-id=\"fa480df\" data-element_type=\"container\">\r\n\t\t\t\t\t<div class=\"e-con-inner\">\r\n\t\t\t\t<div class=\"elementor-element elementor-element-0ce6387 elementor-widget elementor-widget-spacer\" data-id=\"0ce6387\" data-element_type=\"widget\" data-widget_type=\"spacer.default\">\n\t\t\t\t\t\t\t<div class=\"elementor-spacer\">\n\t\t\t<div class=\"elementor-spacer-inner\"><\/div>\n\t\t<\/div>\n\t\t\t\t\t\t<\/div>\n\t\t\t\t\t<\/div>\r\n\t\t\t\t<\/div>\r\n\t\t<div class=\"elementor-element elementor-element-422feb3 e-flex e-con-boxed e-con e-parent\" data-id=\"422feb3\" data-element_type=\"container\" data-settings=\"{&quot;background_background&quot;:&quot;classic&quot;}\">\r\n\t\t\t\t\t<div class=\"e-con-inner\">\r\n\t\t<div class=\"elementor-element elementor-element-23f3597 e-con-full e-flex e-con e-child\" data-id=\"23f3597\" data-element_type=\"container\">\r\n\t\t\t\t<div class=\"elementor-element elementor-element-3595dc0 elementor-widget elementor-widget-text-editor\" data-id=\"3595dc0\" data-element_type=\"widget\" data-widget_type=\"text-editor.default\">\n\t\t\t\t\t\t\t\t\t<ol><li>Mettre \u00e0 l\u2019\u00e9chelle r\u00e9gionale en Afrique de l\u2019Ouest et du Centre (AOC) la diffusion de technologies et d\u2019innovations agricoles, pour une gestion optimale des connaissances, l\u2019identification des lacunes et la valorisation des donn\u00e9es au b\u00e9n\u00e9fice de la communaut\u00e9<\/li><li>Renforcer les capacit\u00e9s en agro\u00e9cologie des acteurs par un appui aux services de formations continue et acad\u00e9mique, et pour le d\u00e9veloppement de l&#8217;entrepreneuriat communautaire<\/li><li>Promouvoir un cadre l\u00e9gal et institutionnel propice au d\u00e9veloppement et \u00e0 l\u2019adoption de l\u2019agro\u00e9cologie en AOC, en d\u00e9ployant des outils standards de suivi-\u00e9valuation et en menant des actions de plaidoyer aupr\u00e8s des instances politiques \u00e0 diff\u00e9rentes \u00e9chelles<\/li><\/ol>\t\t\t\t\t\t\t\t<\/div>\n\t\t\t\t<\/div>\r\n\t\t<div class=\"elementor-element elementor-element-be138ae e-con-full e-flex e-con e-child\" data-id=\"be138ae\" data-element_type=\"container\">\r\n\t\t\t\t<div class=\"elementor-element elementor-element-9fc6000 elementor-widget elementor-widget-heading\" data-id=\"9fc6000\" data-element_type=\"widget\" data-widget_type=\"heading.default\">\n\t\t\t\t\t<h3 class=\"elementor-heading-title elementor-size-default\">Nos Attributions<\/h3>\t\t\t\t<\/div>\n\t\t\t\t<\/div>\r\n\t\t\t\t\t<\/div>\r\n\t\t\t\t<\/div>\r\n\t\t\t\t<\/div>","protected":false},"excerpt":{"rendered":"<p>Missions &#038; Attributions Notre Mission Assurer durablement la s\u00e9curit\u00e9 et la souverainet\u00e9 \u00e9conomique, alimentaire et nutritionnelle des populations via l\u2019accompagnement de la transition agro\u00e9cologique et la promotion de principes, d\u2019outils [&hellip;]<\/p>","protected":false},"author":1,"featured_media":0,"parent":118,"menu_order":3,"comment_status":"closed","ping_status":"closed","template":"","meta":{"_monsterinsights_skip_tracking":false,"_monsterinsights_sitenote_active":false,"_monsterinsights_sitenote_note":"","_monsterinsights_sitenote_category":0,"footnotes":""},"class_list":["post-3592","page","type-page","status-publish","hentry"],"aioseo_notices":[],"_links":{"self":[{"href":"https:\/\/radiusujkz.gov.bf\/en\/wp-json\/wp\/v2\/pages\/3592","targetHints":{"allow":["GET"]}}],"collection":[{"href":"https:\/\/radiusujkz.gov.bf\/en\/wp-json\/wp\/v2\/pages"}],"about":[{"href":"https:\/\/radiusujkz.gov.bf\/en\/wp-json\/wp\/v2\/types\/page"}],"author":[{"embeddable":true,"href":"https:\/\/radiusujkz.gov.bf\/en\/wp-json\/wp\/v2\/users\/1"}],"replies":[{"embeddable":true,"href":"https:\/\/radiusujkz.gov.bf\/en\/wp-json\/wp\/v2\/comments?post=3592"}],"version-history":[{"count":55,"href":"https:\/\/radiusujkz.gov.bf\/en\/wp-json\/wp\/v2\/pages\/3592\/revisions"}],"predecessor-version":[{"id":5605,"href":"https:\/\/radiusujkz.gov.bf\/en\/wp-json\/wp\/v2\/pages\/3592\/revisions\/5605"}],"up":[{"embeddable":true,"href":"https:\/\/radiusujkz.gov.bf\/en\/wp-json\/wp\/v2\/pages\/118"}],"wp:attachment":[{"href":"https:\/\/radiusujkz.gov.bf\/en\/wp-json\/wp\/v2\/media?parent=3592"}],"curies":[{"name":"wp","href":"https:\/\/api.w.org\/{rel}","templated":true}]}}