{"id":4901,"date":"2025-12-18T14:46:50","date_gmt":"2025-12-18T13:46:50","guid":{"rendered":"https:\/\/radiusujkz.gov.bf\/?page_id=4901"},"modified":"2026-01-21T07:06:54","modified_gmt":"2026-01-21T07:06:54","slug":"agenda","status":"publish","type":"page","link":"https:\/\/radiusujkz.gov.bf\/en\/agenda\/","title":{"rendered":"Agenda"},"content":{"rendered":"<div data-elementor-type=\"wp-page\" data-elementor-id=\"4901\" class=\"elementor elementor-4901\">\n\t\t\t\t<div class=\"elementor-element elementor-element-8fb4371 e-flex e-con-boxed e-con e-parent\" data-id=\"8fb4371\" data-element_type=\"container\">\r\n\t\t\t\t\t<div class=\"e-con-inner\">\r\n\t\t\t\t\t<\/div>\r\n\t\t\t\t<\/div>\r\n\t\t<div class=\"elementor-element elementor-element-c7ab13e e-flex e-con-boxed e-con e-parent\" data-id=\"c7ab13e\" data-element_type=\"container\">\r\n\t\t\t\t\t<div class=\"e-con-inner\">\r\n\t\t\t\t\t<\/div>\r\n\t\t\t\t<\/div>\r\n\t\t<div class=\"elementor-element elementor-element-36f3da4 e-flex e-con-boxed e-con e-parent\" data-id=\"36f3da4\" data-element_type=\"container\">\r\n\t\t\t\t\t<div class=\"e-con-inner\">\r\n\t\t\t\t<div class=\"elementor-element elementor-element-2f0c05b elementor-widget elementor-widget-heading\" data-id=\"2f0c05b\" data-element_type=\"widget\" data-widget_type=\"heading.default\">\n\t\t\t\t\t<h2 class=\"elementor-heading-title elementor-size-default\">La r\u00e9union bilan des activit\u00e9s 2025 du RADiUS pr\u00e9vue pour ce mercredi 21 janvier 2026 au si\u00e8ge du projet \u00e0 Ouagadougou<\/h2>\t\t\t\t<\/div>\n\t\t\t\t\t<\/div>\r\n\t\t\t\t<\/div>\r\n\t\t\t\t<\/div>","protected":false},"excerpt":{"rendered":"<p>La r\u00e9union bilan des activit\u00e9s 2025 du RADiUS pr\u00e9vue pour ce mercredi 21 janvier 2026 au si\u00e8ge du projet \u00e0 Ouagadougou<\/p>","protected":false},"author":1,"featured_media":0,"parent":0,"menu_order":0,"comment_status":"closed","ping_status":"closed","template":"","meta":{"_monsterinsights_skip_tracking":false,"_monsterinsights_sitenote_active":false,"_monsterinsights_sitenote_note":"","_monsterinsights_sitenote_category":0,"footnotes":""},"class_list":["post-4901","page","type-page","status-publish","hentry"],"aioseo_notices":[],"_links":{"self":[{"href":"https:\/\/radiusujkz.gov.bf\/en\/wp-json\/wp\/v2\/pages\/4901","targetHints":{"allow":["GET"]}}],"collection":[{"href":"https:\/\/radiusujkz.gov.bf\/en\/wp-json\/wp\/v2\/pages"}],"about":[{"href":"https:\/\/radiusujkz.gov.bf\/en\/wp-json\/wp\/v2\/types\/page"}],"author":[{"embeddable":true,"href":"https:\/\/radiusujkz.gov.bf\/en\/wp-json\/wp\/v2\/users\/1"}],"replies":[{"embeddable":true,"href":"https:\/\/radiusujkz.gov.bf\/en\/wp-json\/wp\/v2\/comments?post=4901"}],"version-history":[{"count":12,"href":"https:\/\/radiusujkz.gov.bf\/en\/wp-json\/wp\/v2\/pages\/4901\/revisions"}],"predecessor-version":[{"id":6009,"href":"https:\/\/radiusujkz.gov.bf\/en\/wp-json\/wp\/v2\/pages\/4901\/revisions\/6009"}],"wp:attachment":[{"href":"https:\/\/radiusujkz.gov.bf\/en\/wp-json\/wp\/v2\/media?parent=4901"}],"curies":[{"name":"wp","href":"https:\/\/api.w.org\/{rel}","templated":true}]}}